{"id":9,"date":"2019-12-10T01:11:50","date_gmt":"2019-12-10T00:11:50","guid":{"rendered":"https:\/\/agmika.webd.pro\/stowarzyszenie_\/?page_id=9"},"modified":"2020-12-18T00:23:20","modified_gmt":"2020-12-17T23:23:20","slug":"o-nas","status":"publish","type":"page","link":"https:\/\/stowarzyszenieperspektywa.org\/?page_id=9","title":{"rendered":"O nas"},"content":{"rendered":"\n<p>Stowarzyszenie Perspektywa zosta\u0142o utworzone na rzecz oparcia \nspo\u0142ecznego i rozwoju. Rozumienie oparcia spo\u0142ecznego jako wszelkiego \ndzia\u0142ania zmierzaj\u0105cego pomocy potrzebuj\u0105cym i osobom pragn\u0105cym zmiany i\n rozwoju. Ma na celu pomoc w przezwyci\u0119\u017caniu trudno\u015bci zwi\u0105zanych z \nchorob\u0105, niepe\u0142nosprawno\u015bci\u0105 czy zagubieniem wywo\u0142uj\u0105cym izolacj\u0119 \nspo\u0142eczno-zawodow\u0105. Rozwoju&nbsp; szeroko poj\u0119tego&nbsp; od osobowego \nindywidualnego, grupowego przy udziale aktywizacji spo\u0142ecznej, zdrowego \n\u017cywienia i promocji aktywno\u015bci do rozwoju gospodarczego, \ninfrastrukturalnego regionu.<\/p>\n\n\n\n<p>Organizacja powsta\u0142a w wyniku pomys\u0142u niesienia pomocy \u017cywieniowej  dla najubo\u017cszych z gminy Mi\u0142oradz w formie dar\u00f3w z programu POP\u017b na lata  2014-2020. Bardzo szybko powi\u0105za\u0142a swe dzia\u0142ania ze wsparciem  niepe\u0142nosprawnych z \u015aDS Ko\u0144czewice wspieraj\u0105c dzia\u0142ania integracyjne i  terapeutyczne poprzez dofinansowywanie dzia\u0142alno\u015bci domu samopomocowego.  Rozwin\u0119\u0142a dzia\u0142alno\u015b\u0107 o poradnictwo w zakresie przedsi\u0119biorczo\u015bci  spo\u0142ecznej a\u017c do uzyskania przez Stowarzyszenie certyfikatu jako\u015bci  O\u015brodka Wsparcia Ekonomii Spo\u0142ecznej (marzec 2019).<\/p>\n\n\n\n<p>G\u0142\u00f3wny obszar dzia\u0142alno\u015bci stowarzyszenia do tej pory skupia\u0142 si\u0119 na \nbudowaniu partnerstwa &nbsp;i struktur Nadwi\u015bla\u0144skiego OWES, wspieraniu \u015aDS \nKo\u0144czewice i rozwoju regionalnego poprzez dzia\u0142alno\u015b\u0107 \u017bu\u0142awska &nbsp;LGD i we\n wsp\u00f3\u0142pracy z ROPS Gda\u0144sk, PUP Malbork, Gminami i OPS z regionu. \nDoradztwo osobom fizycznym i przedsi\u0119biorcom w zakresie mo\u017cliwo\u015bci \npozyskania \u015brodk\u00f3w finansowych ze \u017ar\u00f3de\u0142 dost\u0119pnych i przy pisaniu \nwniosk\u00f3w o dofinansowanie.<\/p>\n","protected":false},"excerpt":{"rendered":"<p>Stowarzyszenie Perspektywa zosta\u0142o utworzone na rzecz oparcia spo\u0142ecznego i rozwoju. Rozumienie oparcia spo\u0142ecznego jako wszelkiego dzia\u0142ania zmierzaj\u0105cego pomocy potrzebuj\u0105cym i osobom pragn\u0105cym zmiany i rozwoju. Ma na celu pomoc w przezwyci\u0119\u017caniu trudno\u015bci zwi\u0105zanych z chorob\u0105, niepe\u0142nosprawno\u015bci\u0105 czy zagubieniem wywo\u0142uj\u0105cym izolacj\u0119 spo\u0142eczno-zawodow\u0105. Rozwoju&nbsp; szeroko poj\u0119tego&nbsp; od osobowego indywidualnego, grupowego przy udziale aktywizacji spo\u0142ecznej, zdrowego \u017cywienia i &hellip; <\/p>\n<p><a class=\"more-link btn\" href=\"https:\/\/stowarzyszenieperspektywa.org\/?page_id=9\">Czytaj dalej<\/a><\/p>\n","protected":false},"author":1,"featured_media":0,"parent":0,"menu_order":0,"comment_status":"closed","ping_status":"closed","template":"","meta":{"footnotes":""},"class_list":["post-9","page","type-page","status-publish","hentry","nodate","item-wrap"],"_links":{"self":[{"href":"https:\/\/stowarzyszenieperspektywa.org\/index.php?rest_route=\/wp\/v2\/pages\/9","targetHints":{"allow":["GET"]}}],"collection":[{"href":"https:\/\/stowarzyszenieperspektywa.org\/index.php?rest_route=\/wp\/v2\/pages"}],"about":[{"href":"https:\/\/stowarzyszenieperspektywa.org\/index.php?rest_route=\/wp\/v2\/types\/page"}],"author":[{"embeddable":true,"href":"https:\/\/stowarzyszenieperspektywa.org\/index.php?rest_route=\/wp\/v2\/users\/1"}],"replies":[{"embeddable":true,"href":"https:\/\/stowarzyszenieperspektywa.org\/index.php?rest_route=%2Fwp%2Fv2%2Fcomments&post=9"}],"version-history":[{"count":3,"href":"https:\/\/stowarzyszenieperspektywa.org\/index.php?rest_route=\/wp\/v2\/pages\/9\/revisions"}],"predecessor-version":[{"id":288,"href":"https:\/\/stowarzyszenieperspektywa.org\/index.php?rest_route=\/wp\/v2\/pages\/9\/revisions\/288"}],"wp:attachment":[{"href":"https:\/\/stowarzyszenieperspektywa.org\/index.php?rest_route=%2Fwp%2Fv2%2Fmedia&parent=9"}],"curies":[{"name":"wp","href":"https:\/\/api.w.org\/{rel}","templated":true}]}}