{"id":54,"date":"2020-01-28T00:41:19","date_gmt":"2020-01-27T23:41:19","guid":{"rendered":"https:\/\/agmika.webd.pro\/stowarzyszenie_\/?page_id=54"},"modified":"2020-01-28T01:02:21","modified_gmt":"2020-01-28T00:02:21","slug":"do-pobrania","status":"publish","type":"page","link":"https:\/\/stowarzyszenieperspektywa.org\/?page_id=54","title":{"rendered":"Do pobrania"},"content":{"rendered":"\n<div class=\"wp-block-file\"><a href=\"httpss:\/\/agmika.webd.pro\/stowarzyszenie_\/wp-content\/uploads\/2020\/01\/regulamin_rekrutacji_i_uczestnictwa_w_projekcie.docx.pdf\"><a href=\"https:\/\/www.rti.dzierzgon.com.pl\/media\/regulamin_rekrutacji_i_uczestnictwa_w_projekcie.docx.pdf\">1. Regulamin rekrutacji i uczestnictwa w projekcie<\/a><\/a><a href=\"httpss:\/\/agmika.webd.pro\/stowarzyszenie_\/wp-content\/uploads\/2020\/01\/regulamin_rekrutacji_i_uczestnictwa_w_projekcie.docx.pdf\" class=\"wp-block-file__button\" download>Pobierz<\/a><\/div>\n\n\n\n<div class=\"wp-block-file\"><a href=\"httpss:\/\/agmika.webd.pro\/stowarzyszenie_\/wp-content\/uploads\/2020\/01\/formularz_zg\u0142oszeniowy_do_udzia\u0142u_w_projekcie_dla_os\u00f3b_fizycznych-1.pdf\"><a href=\"https:\/\/www.rti.dzierzgon.com.pl\/media\/formularz_zg\u0142oszeniowy_do_udzia\u0142u_w_projekcie_dla_os\u00f3b_fizycznych.pdf\">2. Formularz zg\u0142oszeniowy do udzia\u0142u w projekcie dla os\u00f3b fizycznych<\/a><\/a><a href=\"httpss:\/\/agmika.webd.pro\/stowarzyszenie_\/wp-content\/uploads\/2020\/01\/formularz_zg\u0142oszeniowy_do_udzia\u0142u_w_projekcie_dla_os\u00f3b_fizycznych-1.pdf\" class=\"wp-block-file__button\" download>Pobierz<\/a><\/div>\n\n\n\n<div class=\"wp-block-file\"><a href=\"httpss:\/\/agmika.webd.pro\/stowarzyszenie_\/wp-content\/uploads\/2020\/01\/formularz_zg\u0142oszeniowy_do_udzia\u0142u_w_projekcie_dla_os\u00f3b_prawnych.pdf\"><a href=\"https:\/\/www.rti.dzierzgon.com.pl\/media\/formularz_zg\u0142oszeniowy_do_udzia\u0142u_w_projekcie_dla_os\u00f3b_prawnych.pdf\">3. Formularz zg\u0142oszeniowy do udzia\u0142u w projekcie dla os\u00f3b prawnych<\/a><\/a><a href=\"httpss:\/\/agmika.webd.pro\/stowarzyszenie_\/wp-content\/uploads\/2020\/01\/formularz_zg\u0142oszeniowy_do_udzia\u0142u_w_projekcie_dla_os\u00f3b_prawnych.pdf\" class=\"wp-block-file__button\" download>Pobierz<\/a><\/div>\n\n\n\n<div class=\"wp-block-file\"><a href=\"httpss:\/\/agmika.webd.pro\/stowarzyszenie_\/wp-content\/uploads\/2020\/01\/4._status_uczestnik\u00f3w_planowanych_do_zatrudnienia.docx\"><a href=\"https:\/\/www.rti.dzierzgon.com.pl\/media\/4._status_uczestnik\u00f3w_planowanych_do_zatrudnienia.docx\">4. Status uczestnik\u00f3w planowanych do zatrudnienia<\/a><\/a><a href=\"httpss:\/\/agmika.webd.pro\/stowarzyszenie_\/wp-content\/uploads\/2020\/01\/4._status_uczestnik\u00f3w_planowanych_do_zatrudnienia.docx\" class=\"wp-block-file__button\" download>Pobierz<\/a><\/div>\n\n\n\n<div class=\"wp-block-file\"><a href=\"httpss:\/\/agmika.webd.pro\/stowarzyszenie_\/wp-content\/uploads\/2020\/01\/5._karta_oceny_zg\u0142oszenia_uczestnictwa_w_projekcie_nowes.docx\"><a href=\"https:\/\/www.rti.dzierzgon.com.pl\/media\/5._karta_oceny_zg\u0142oszenia_uczestnictwa_w_projekcie_nowes.docx\">5. Karta oceny zg\u0142oszenia uczestnictwa w projekcie NOWES<\/a><\/a><a href=\"httpss:\/\/agmika.webd.pro\/stowarzyszenie_\/wp-content\/uploads\/2020\/01\/5._karta_oceny_zg\u0142oszenia_uczestnictwa_w_projekcie_nowes.docx\" class=\"wp-block-file__button\" download>Pobierz<\/a><\/div>\n\n\n\n<div class=\"wp-block-file\"><a href=\"httpss:\/\/agmika.webd.pro\/stowarzyszenie_\/wp-content\/uploads\/2020\/01\/6._indywidualna_\u015bcie\u017cka_wsparcia.docx\"><a href=\"https:\/\/www.rti.dzierzgon.com.pl\/media\/6._indywidualna_\u015bcie\u017cka_wsparcia.docx\">6. Indywidualna \u015bcie\u017cka wsparcia<\/a><\/a><a href=\"httpss:\/\/agmika.webd.pro\/stowarzyszenie_\/wp-content\/uploads\/2020\/01\/6._indywidualna_\u015bcie\u017cka_wsparcia.docx\" class=\"wp-block-file__button\" download>Pobierz<\/a><\/div>\n\n\n\n<div class=\"wp-block-file\"><a href=\"httpss:\/\/agmika.webd.pro\/stowarzyszenie_\/wp-content\/uploads\/2020\/01\/7._umowa_na_\u015bwiadczenie_wsparcia_osoba_fizyczna.docx\"><a href=\"https:\/\/www.rti.dzierzgon.com.pl\/media\/7._umowa_na_\u015bwiadczenie_wsparcia_osoba_fizyczna.docx\">7. Umowa na \u015bwiadczenie wsparcia osoba fizyczna<\/a><\/a><a href=\"httpss:\/\/agmika.webd.pro\/stowarzyszenie_\/wp-content\/uploads\/2020\/01\/7._umowa_na_\u015bwiadczenie_wsparcia_osoba_fizyczna.docx\" class=\"wp-block-file__button\" download>Pobierz<\/a><\/div>\n\n\n\n<div class=\"wp-block-file\"><a href=\"httpss:\/\/agmika.webd.pro\/stowarzyszenie_\/wp-content\/uploads\/2020\/01\/8._umowa_na_\u015bwiadczenie_wsparcia_osoba_prawna.docx\"><a href=\"https:\/\/www.rti.dzierzgon.com.pl\/media\/8._umowa_na_\u015bwiadczenie_wsparcia_osoba_prawna.docx\">8. Umowa na \u015bwiadczenie wsparcia osoba prawna<\/a><\/a><a href=\"httpss:\/\/agmika.webd.pro\/stowarzyszenie_\/wp-content\/uploads\/2020\/01\/8._umowa_na_\u015bwiadczenie_wsparcia_osoba_prawna.docx\" class=\"wp-block-file__button\" download>Pobierz<\/a><\/div>\n\n\n\n<div class=\"wp-block-file\"><a href=\"httpss:\/\/agmika.webd.pro\/stowarzyszenie_\/wp-content\/uploads\/2020\/01\/8a._za\u0142\u0105cznik_nr_1_do_umowy_na_\u015bwiadczenie_wsparcia_osoba_prawna.docx\"><a href=\"https:\/\/www.rti.dzierzgon.com.pl\/media\/8a._za\u0142\u0105cznik_nr_1_do_umowy_na_\u015bwiadczenie_wsparcia_osoba_prawna.docx\">8a. Za\u0142\u0105cznik nr 1 do umowy na \u015bwiadczenie wsparcia osoba prawna<\/a><\/a><a href=\"httpss:\/\/agmika.webd.pro\/stowarzyszenie_\/wp-content\/uploads\/2020\/01\/8a._za\u0142\u0105cznik_nr_1_do_umowy_na_\u015bwiadczenie_wsparcia_osoba_prawna.docx\" class=\"wp-block-file__button\" download>Pobierz<\/a><\/div>\n\n\n\n<div class=\"wp-block-file\"><a href=\"httpss:\/\/agmika.webd.pro\/stowarzyszenie_\/wp-content\/uploads\/2020\/01\/8b._za\u0142\u0105cznik_nr_2_do_umowy_na_\u015bwiadczenie_wsparcia_osoba_prawna.docx\"><a href=\"https:\/\/www.rti.dzierzgon.com.pl\/media\/8b._za\u0142\u0105cznik_nr_2_do_umowy_na_\u015bwiadczenie_wsparcia_osoba_prawna.docx\">8b. Za\u0142\u0105cznik nr 2 do umowy na \u015bwiadczenie wsparcia osoba prawna<\/a><\/a><a href=\"httpss:\/\/agmika.webd.pro\/stowarzyszenie_\/wp-content\/uploads\/2020\/01\/8b._za\u0142\u0105cznik_nr_2_do_umowy_na_\u015bwiadczenie_wsparcia_osoba_prawna.docx\" class=\"wp-block-file__button\" download>Pobierz<\/a><\/div>\n","protected":false},"excerpt":{"rendered":"","protected":false},"author":1,"featured_media":0,"parent":0,"menu_order":0,"comment_status":"closed","ping_status":"closed","template":"","meta":{"footnotes":""},"class_list":["post-54","page","type-page","status-publish","hentry","nodate","item-wrap"],"_links":{"self":[{"href":"https:\/\/stowarzyszenieperspektywa.org\/index.php?rest_route=\/wp\/v2\/pages\/54","targetHints":{"allow":["GET"]}}],"collection":[{"href":"https:\/\/stowarzyszenieperspektywa.org\/index.php?rest_route=\/wp\/v2\/pages"}],"about":[{"href":"https:\/\/stowarzyszenieperspektywa.org\/index.php?rest_route=\/wp\/v2\/types\/page"}],"author":[{"embeddable":true,"href":"https:\/\/stowarzyszenieperspektywa.org\/index.php?rest_route=\/wp\/v2\/users\/1"}],"replies":[{"embeddable":true,"href":"https:\/\/stowarzyszenieperspektywa.org\/index.php?rest_route=%2Fwp%2Fv2%2Fcomments&post=54"}],"version-history":[{"count":12,"href":"https:\/\/stowarzyszenieperspektywa.org\/index.php?rest_route=\/wp\/v2\/pages\/54\/revisions"}],"predecessor-version":[{"id":79,"href":"https:\/\/stowarzyszenieperspektywa.org\/index.php?rest_route=\/wp\/v2\/pages\/54\/revisions\/79"}],"wp:attachment":[{"href":"https:\/\/stowarzyszenieperspektywa.org\/index.php?rest_route=%2Fwp%2Fv2%2Fmedia&parent=54"}],"curies":[{"name":"wp","href":"https:\/\/api.w.org\/{rel}","templated":true}]}}