{"id":512,"date":"2023-12-14T14:02:10","date_gmt":"2023-12-14T13:02:10","guid":{"rendered":"https:\/\/stowarzyszenieperspektywa.org\/?page_id=512"},"modified":"2025-04-05T23:37:56","modified_gmt":"2025-04-05T21:37:56","slug":"hotelik-1925","status":"publish","type":"page","link":"https:\/\/stowarzyszenieperspektywa.org\/?page_id=512","title":{"rendered":"Hotelik 1925"},"content":{"rendered":"\n<p><\/p>\n\n\n\n<figure class=\"wp-block-image size-large\"><img loading=\"lazy\" decoding=\"async\" width=\"1024\" height=\"131\" src=\"https:\/\/stowarzyszenieperspektywa.org\/wp-content\/uploads\/2023\/12\/KPO_barwy-RP_NextGenerationEU_poziom_zestawienie_podstawowe_-RGB-1024x131.png\" alt=\"\" class=\"wp-image-521\" srcset=\"https:\/\/stowarzyszenieperspektywa.org\/wp-content\/uploads\/2023\/12\/KPO_barwy-RP_NextGenerationEU_poziom_zestawienie_podstawowe_-RGB-1024x131.png 1024w, https:\/\/stowarzyszenieperspektywa.org\/wp-content\/uploads\/2023\/12\/KPO_barwy-RP_NextGenerationEU_poziom_zestawienie_podstawowe_-RGB-300x38.png 300w, https:\/\/stowarzyszenieperspektywa.org\/wp-content\/uploads\/2023\/12\/KPO_barwy-RP_NextGenerationEU_poziom_zestawienie_podstawowe_-RGB-768x98.png 768w, https:\/\/stowarzyszenieperspektywa.org\/wp-content\/uploads\/2023\/12\/KPO_barwy-RP_NextGenerationEU_poziom_zestawienie_podstawowe_-RGB-1536x197.png 1536w, https:\/\/stowarzyszenieperspektywa.org\/wp-content\/uploads\/2023\/12\/KPO_barwy-RP_NextGenerationEU_poziom_zestawienie_podstawowe_-RGB-2048x262.png 2048w, https:\/\/stowarzyszenieperspektywa.org\/wp-content\/uploads\/2023\/12\/KPO_barwy-RP_NextGenerationEU_poziom_zestawienie_podstawowe_-RGB-750x96.png 750w\" sizes=\"auto, (max-width: 1024px) 100vw, 1024px\" \/><\/figure>\n\n\n\n<p><\/p>\n\n\n\n<figure class=\"wp-block-image size-large\"><img loading=\"lazy\" decoding=\"async\" width=\"2000\" height=\"999\" src=\"https:\/\/stowarzyszenieperspektywa.org\/wp-content\/uploads\/2024\/02\/1-1024x511.jpg\" alt=\"\" class=\"wp-image-534\" srcset=\"https:\/\/stowarzyszenieperspektywa.org\/wp-content\/uploads\/2024\/02\/1-1024x511.jpg 1024w, https:\/\/stowarzyszenieperspektywa.org\/wp-content\/uploads\/2024\/02\/1-300x150.jpg 300w, https:\/\/stowarzyszenieperspektywa.org\/wp-content\/uploads\/2024\/02\/1-768x384.jpg 768w, https:\/\/stowarzyszenieperspektywa.org\/wp-content\/uploads\/2024\/02\/1-1536x767.jpg 1536w, https:\/\/stowarzyszenieperspektywa.org\/wp-content\/uploads\/2024\/02\/1-750x375.jpg 750w, https:\/\/stowarzyszenieperspektywa.org\/wp-content\/uploads\/2024\/02\/1-375x187.jpg 375w, https:\/\/stowarzyszenieperspektywa.org\/wp-content\/uploads\/2024\/02\/1.jpg 2000w\" sizes=\"auto, (max-width: 2000px) 100vw, 2000px\" \/><\/figure>\n\n\n\n<figure class=\"wp-block-image size-large\"><img loading=\"lazy\" decoding=\"async\" width=\"1024\" height=\"511\" src=\"https:\/\/stowarzyszenieperspektywa.org\/wp-content\/uploads\/2024\/02\/2-1024x511.jpg\" alt=\"\" class=\"wp-image-535\" srcset=\"https:\/\/stowarzyszenieperspektywa.org\/wp-content\/uploads\/2024\/02\/2-1024x511.jpg 1024w, https:\/\/stowarzyszenieperspektywa.org\/wp-content\/uploads\/2024\/02\/2-300x150.jpg 300w, https:\/\/stowarzyszenieperspektywa.org\/wp-content\/uploads\/2024\/02\/2-768x384.jpg 768w, https:\/\/stowarzyszenieperspektywa.org\/wp-content\/uploads\/2024\/02\/2-1536x767.jpg 1536w, https:\/\/stowarzyszenieperspektywa.org\/wp-content\/uploads\/2024\/02\/2-750x375.jpg 750w, https:\/\/stowarzyszenieperspektywa.org\/wp-content\/uploads\/2024\/02\/2-375x187.jpg 375w, https:\/\/stowarzyszenieperspektywa.org\/wp-content\/uploads\/2024\/02\/2.jpg 2000w\" sizes=\"auto, (max-width: 1024px) 100vw, 1024px\" \/><\/figure>\n\n\n\n<figure class=\"wp-block-image size-large\"><img loading=\"lazy\" decoding=\"async\" width=\"1024\" height=\"511\" src=\"https:\/\/stowarzyszenieperspektywa.org\/wp-content\/uploads\/2024\/02\/3-1024x511.jpg\" alt=\"\" class=\"wp-image-536\" srcset=\"https:\/\/stowarzyszenieperspektywa.org\/wp-content\/uploads\/2024\/02\/3-1024x511.jpg 1024w, https:\/\/stowarzyszenieperspektywa.org\/wp-content\/uploads\/2024\/02\/3-300x150.jpg 300w, https:\/\/stowarzyszenieperspektywa.org\/wp-content\/uploads\/2024\/02\/3-768x384.jpg 768w, https:\/\/stowarzyszenieperspektywa.org\/wp-content\/uploads\/2024\/02\/3-1536x767.jpg 1536w, https:\/\/stowarzyszenieperspektywa.org\/wp-content\/uploads\/2024\/02\/3-750x375.jpg 750w, https:\/\/stowarzyszenieperspektywa.org\/wp-content\/uploads\/2024\/02\/3-375x187.jpg 375w, https:\/\/stowarzyszenieperspektywa.org\/wp-content\/uploads\/2024\/02\/3.jpg 2000w\" sizes=\"auto, (max-width: 1024px) 100vw, 1024px\" \/><\/figure>\n\n\n\n<p><\/p>\n\n\n\n<p>Przedmiotem projektu jest powstanie ca\u0142odobowego schroniska z us\u0142ugami opieku\u0144czymi dla 15 os\u00f3b w tym senior\u00f3w i os\u00f3b bezdomnych &#8211; Hotelik 1925.<\/p>\n\n\n\n<p>Zabytkowy budynek oddany do u\u017cytku w 2023 roku. Do u\u017cytku mieszka\u0144c\u00f3w przeznaczono 4 przestronne pokoje, kuchni\u0119, \u0142azienki, jadalnia, pok\u00f3j dzienny, pok\u00f3j socjalny, punkt medyczny, wyposa\u017cone w system podno\u015bnika podsufitowego Luna oraz funkcjonalny podno\u015bnik pacjenta przeznaczony dla os\u00f3b niepe\u0142nosprawnych w ramach KPO.<\/p>\n\n\n\n<p>Schronisko \u015bwiadczy us\u0142ugi przez ca\u0142y rok, przez 7 dni w tygodniu<\/p>\n\n\n\n<p>Udost\u0119pnione pomieszczenia umo\u017cliwiaj\u0105:<\/p>\n\n\n\n<ul class=\"wp-block-list\"><li>spo\u017cycie posi\u0142ku oraz dost\u0119p do pomieszczenia kuchennego umo\u017cliwiaj\u0105cego samodzielne przygotowanie posi\u0142ku i gor\u0105cego napoju, w razie potrzeby karmienie<\/li><li>skorzystanie z prysznica, wymiany odzie\u017cy,<\/li><li>pranie i suszenie odzie\u017cy,<\/li><li>zapewnienie dezynfekcji i dezynsekcji odzie\u017cy w przypadku braku mo\u017cliwo\u015bci jej wymiany<\/li><li>zapewnienie informacji o dost\u0119pnych formach pomocy, a w razie potrzeby pomoc w jej zorganizowaniu<\/li><li>zapewnienie us\u0142ug aktywizacyjnych ukierunkowanych na wzmacnianie aktywno\u015bci spo\u0142ecznej, uzyskanie samodzielno\u015bci \u017cyciowej i wyj\u015bcie z bezdomno\u015bci.<\/li><li>opieka higieniczna<\/li><li>zapewnienie us\u0142ug opieku\u0144czych w wydzielonym pomieszczeniu<\/li><\/ul>\n\n\n\n<p><\/p>\n\n\n\n<p>Ponadto kadra schroniska zapewnia:<\/p>\n\n\n\n<p><br>\u2022 wzmacnianie aktywno\u015bci spo\u0142ecznej b\u0119dzie realizowane m.in. przez:<br>\u2013 trening umiej\u0119tno\u015bci samodzielnego wype\u0142niania r\u00f3l spo\u0142ecznych,<br>\u2013 trening umiej\u0119tno\u015bci interpersonalnych i umiej\u0119tno\u015bci, rozwi\u0105zywania problem\u00f3w,<br>\u2013 uczestnictwo w grupach wsparcia.<br>\u2022 pomoc w uzyskaniu samodzielno\u015bci \u017cyciowej i wyj\u015bcie z bezdomno\u015bci mo\u017ce by\u0107 realizowane m.in. przez:<br>\u2013 zaj\u0119cia przygotowuj\u0105ce do podj\u0119cia zatrudnienia,<br>\u2013 trening gospodarowania w\u0142asnym bud\u017cetem,<br>\u2013 trening prowadzenia gospodarstwa domowego,<br>\u2013 uczestnictwo w zaj\u0119ciach centrum lub klubu integracji spo\u0142ecznej<br>\u2013 umo\u017cliwienie podj\u0119cia terapii odwykowej,<br>\u2013 zapewnienie kontaktu z pracownikiem socjalnym,<br>\u2022zapewnienie pomocy mieszka\u0144com plac\u00f3wki w sytuacjach zagra\u017caj\u0105cych \u017cyciu lub zdrowiu, poprzez  umo\u017cliwienie pierwszego kontaktu z lekarzem lub plac\u00f3wkami s\u0142u\u017cby zdrowia.<br>\u2022niezb\u0119dna pomoc w za\u0142atwianiu spraw osobistych<br>\u2022zapewnienie pomocy w korzystaniu ze \u015bwiadcze\u0144 zdrowotnych przys\u0142uguj\u0105cych na podstawie odr\u0119bnych przepis\u00f3w<\/p>\n\n\n\n<p><strong>W przysz\u0142o\u015bci obiekt planuje zakwaterowa\u0107 14 os\u00f3b.<\/strong><br>Przedsi\u0119wzi\u0119cie b\u0119dzie s\u0142u\u017cy\u0142o do uruchomienia us\u0142ug deinstytucjonalnych.  Schronisko \u015bwiadczy nieodp\u0142atne i odp\u0142atne us\u0142ugi:<br>-ca\u0142odobowe us\u0142ugi opieku\u0144cze (120z\u0142 osoba\/doba)<br>-opieka wytchnieniowa (110 z\u0142\/osoba\/doba)<br>-mieszkanie chronione dla bezdomnej doros\u0142ej osoby z dzie\u0107mi (70z\u0142\/osoba\/dzie\u0144- 2 pokoje, kuchnia \u0142azienka, piwnica, kominek )<br>-opieka poszpitalna (180 z\u0142 os).<\/p>\n\n\n\n<p>KONTAKT: Kierownik ,   Ma\u0142gorzata \u015awi\u0119cka 506 500 253, perspektywa.pomorskie@gmail.com<\/p>\n","protected":false},"excerpt":{"rendered":"<p>Przedmiotem projektu jest powstanie ca\u0142odobowego schroniska z us\u0142ugami opieku\u0144czymi dla 15 os\u00f3b w tym senior\u00f3w i os\u00f3b bezdomnych &#8211; Hotelik 1925. Zabytkowy budynek oddany do u\u017cytku w 2023 roku. Do u\u017cytku mieszka\u0144c\u00f3w przeznaczono 4 przestronne pokoje, kuchni\u0119, \u0142azienki, jadalnia, pok\u00f3j dzienny, pok\u00f3j socjalny, punkt medyczny, wyposa\u017cone w system podno\u015bnika podsufitowego Luna oraz funkcjonalny podno\u015bnik pacjenta &hellip; <\/p>\n<p><a class=\"more-link btn\" href=\"https:\/\/stowarzyszenieperspektywa.org\/?page_id=512\">Czytaj dalej<\/a><\/p>\n","protected":false},"author":2,"featured_media":0,"parent":0,"menu_order":0,"comment_status":"closed","ping_status":"closed","template":"","meta":{"footnotes":""},"class_list":["post-512","page","type-page","status-publish","hentry","nodate","item-wrap"],"_links":{"self":[{"href":"https:\/\/stowarzyszenieperspektywa.org\/index.php?rest_route=\/wp\/v2\/pages\/512","targetHints":{"allow":["GET"]}}],"collection":[{"href":"https:\/\/stowarzyszenieperspektywa.org\/index.php?rest_route=\/wp\/v2\/pages"}],"about":[{"href":"https:\/\/stowarzyszenieperspektywa.org\/index.php?rest_route=\/wp\/v2\/types\/page"}],"author":[{"embeddable":true,"href":"https:\/\/stowarzyszenieperspektywa.org\/index.php?rest_route=\/wp\/v2\/users\/2"}],"replies":[{"embeddable":true,"href":"https:\/\/stowarzyszenieperspektywa.org\/index.php?rest_route=%2Fwp%2Fv2%2Fcomments&post=512"}],"version-history":[{"count":13,"href":"https:\/\/stowarzyszenieperspektywa.org\/index.php?rest_route=\/wp\/v2\/pages\/512\/revisions"}],"predecessor-version":[{"id":562,"href":"https:\/\/stowarzyszenieperspektywa.org\/index.php?rest_route=\/wp\/v2\/pages\/512\/revisions\/562"}],"wp:attachment":[{"href":"https:\/\/stowarzyszenieperspektywa.org\/index.php?rest_route=%2Fwp%2Fv2%2Fmedia&parent=512"}],"curies":[{"name":"wp","href":"https:\/\/api.w.org\/{rel}","templated":true}]}}