{"id":27,"date":"2019-12-10T01:41:02","date_gmt":"2019-12-10T00:41:02","guid":{"rendered":"https:\/\/agmika.webd.pro\/stowarzyszenie_\/?page_id=27"},"modified":"2019-12-10T01:41:02","modified_gmt":"2019-12-10T00:41:02","slug":"projekty","status":"publish","type":"page","link":"https:\/\/stowarzyszenieperspektywa.org\/?page_id=27","title":{"rendered":"Projekty"},"content":{"rendered":"\n<h2 class=\"wp-block-heading\"> <a href=\"https:\/\/stowarzyszenieperspektywa.org\/mamy-zaszczyt-pochwalic-sie-uzyskaniem-akredytacji-akses\/\">Mamy zaszczyt pochwali\u0107 si\u0119 uzyskaniem akredytacji AKSES !!!            <\/a> <\/h2>\n\n\n\n<figure class=\"wp-block-image size-large\"><img loading=\"lazy\" decoding=\"async\" width=\"790\" height=\"1024\" src=\"httpss:\/\/agmika.webd.pro\/stowarzyszenie_\/wp-content\/uploads\/2019\/12\/AKSES04032019-790x1024.jpg\" alt=\"\" class=\"wp-image-28\" srcset=\"https:\/\/stowarzyszenieperspektywa.org\/wp-content\/uploads\/2019\/12\/AKSES04032019-790x1024.jpg 790w, https:\/\/stowarzyszenieperspektywa.org\/wp-content\/uploads\/2019\/12\/AKSES04032019-231x300.jpg 231w, https:\/\/stowarzyszenieperspektywa.org\/wp-content\/uploads\/2019\/12\/AKSES04032019-768x996.jpg 768w, https:\/\/stowarzyszenieperspektywa.org\/wp-content\/uploads\/2019\/12\/AKSES04032019-1184x1536.jpg 1184w, https:\/\/stowarzyszenieperspektywa.org\/wp-content\/uploads\/2019\/12\/AKSES04032019-1579x2048.jpg 1579w, https:\/\/stowarzyszenieperspektywa.org\/wp-content\/uploads\/2019\/12\/AKSES04032019-scaled.jpg 1974w\" sizes=\"auto, (max-width: 790px) 100vw, 790px\" \/><\/figure>\n\n\n\n<p> NADWI\u015aLA\u0143SKI O\u015aRODEK WSPARCIA EKONOMII SPO\u0141ECZNEJ START!!! <\/p>\n","protected":false},"excerpt":{"rendered":"<p>Mamy zaszczyt pochwali\u0107 si\u0119 uzyskaniem akredytacji AKSES !!! NADWI\u015aLA\u0143SKI O\u015aRODEK WSPARCIA EKONOMII SPO\u0141ECZNEJ START!!!<\/p>\n","protected":false},"author":1,"featured_media":0,"parent":0,"menu_order":0,"comment_status":"closed","ping_status":"closed","template":"","meta":{"footnotes":""},"class_list":["post-27","page","type-page","status-publish","hentry","nodate","item-wrap"],"_links":{"self":[{"href":"https:\/\/stowarzyszenieperspektywa.org\/index.php?rest_route=\/wp\/v2\/pages\/27","targetHints":{"allow":["GET"]}}],"collection":[{"href":"https:\/\/stowarzyszenieperspektywa.org\/index.php?rest_route=\/wp\/v2\/pages"}],"about":[{"href":"https:\/\/stowarzyszenieperspektywa.org\/index.php?rest_route=\/wp\/v2\/types\/page"}],"author":[{"embeddable":true,"href":"https:\/\/stowarzyszenieperspektywa.org\/index.php?rest_route=\/wp\/v2\/users\/1"}],"replies":[{"embeddable":true,"href":"https:\/\/stowarzyszenieperspektywa.org\/index.php?rest_route=%2Fwp%2Fv2%2Fcomments&post=27"}],"version-history":[{"count":1,"href":"https:\/\/stowarzyszenieperspektywa.org\/index.php?rest_route=\/wp\/v2\/pages\/27\/revisions"}],"predecessor-version":[{"id":29,"href":"https:\/\/stowarzyszenieperspektywa.org\/index.php?rest_route=\/wp\/v2\/pages\/27\/revisions\/29"}],"wp:attachment":[{"href":"https:\/\/stowarzyszenieperspektywa.org\/index.php?rest_route=%2Fwp%2Fv2%2Fmedia&parent=27"}],"curies":[{"name":"wp","href":"https:\/\/api.w.org\/{rel}","templated":true}]}}