{"id":24,"date":"2019-12-10T01:37:08","date_gmt":"2019-12-10T00:37:08","guid":{"rendered":"https:\/\/agmika.webd.pro\/stowarzyszenie_\/?page_id=24"},"modified":"2019-12-10T01:37:08","modified_gmt":"2019-12-10T00:37:08","slug":"kooperatywa-spozywcza","status":"publish","type":"page","link":"https:\/\/stowarzyszenieperspektywa.org\/?page_id=24","title":{"rendered":"Kooperatywa spo\u017cywcza"},"content":{"rendered":"\n<figure class=\"wp-block-image size-large\"><img loading=\"lazy\" decoding=\"async\" width=\"280\" height=\"180\" src=\"httpss:\/\/agmika.webd.pro\/stowarzyszenie_\/wp-content\/uploads\/2019\/12\/ks5.jpg\" alt=\"\" class=\"wp-image-25\"\/><\/figure>\n\n\n\n<p>\nJeste\u015bmy Grup\u0105 mi\u0142o\u015bnik\u00f3w ekologii, zdrowego stylu \u017cycia oraz \nwspieramy rodzim\u0105 produkcj\u0119, dlatego za\u0142o\u017cyli\u015bmy Kooperatyw\u0119 Spo\u017cywcz\u0105 \n\u017bu\u0142awy, kt\u00f3ra zrzesza rolnik\u00f3w produkuj\u0105cych organiczn\u0105, naturaln\u0105 \n\u017cywno\u015b\u0107 oraz grup\u0119 odbiorc\u00f3w tych wytwor\u00f3w, klient\u00f3w, ludzi \u015bwiadomych, \nkt\u00f3rym zale\u017cy, aby od\u017cywia\u0107 si\u0119 po\u017cywieniem o wysokiej jako\u015bci.\n\nWsp\u00f3\u0142pracujemy lokalnie w celu wyprodukowania i kooperatywy \nwi\u0119kszo\u015bci warzyw, owoc\u00f3w i artyku\u0142\u00f3w spo\u017cywczych tj. mi\u00f3d, jajka, \nmleko, mas\u0142o, sery, soki. (Je\u015bli kto\u015b nie jest wegetarianinem mo\u017ce \npozyska\u0107 dr\u00f3b z ekologicznej hodowli).\n\n\n<\/p>\n\n\n\n<p>Ceny jakie proponuj\u0105 nasi rolnicy s\u0105 por\u00f3wnywalne jak w \nsupermarketach, a ni\u017csze ni\u017c w sklepach z ekologiczn\u0105 \u017cywno\u015bci\u0105, \nponiewa\u017c omijamy po\u015brednik\u00f3w. Dzi\u0119ki&nbsp; czemu mo\u017cemy sobie pozwoli\u0107 na \nprzekazywanie 10% z ceny produkt\u00f3w na fundusz gromadzki, aby wspiera\u0107 \ninicjatywy edukacyjne, spo\u0142eczne i kulturalne.Zapraszamy do wsp\u00f3\u0142pracy \nwszystkich ch\u0119tnych do produkcji ekologicznych wyrob\u00f3w oraz nabywc\u00f3w \ngenetycznie niemodyfikowanej \u017cywno\u015bci.\n\n\nPrzy\u0142\u0105cz si\u0119 do Kooperatywy Spo\u017cywczej \u017bu\u0142awy. Email: perspektywa.pomorskie@gmail.com\n\n&nbsp;&nbsp;&nbsp;&nbsp;Cz\u0142onkowie Kooperatywy Spo\u017cywczej \u017bu\u0142awy.\n\n<\/p>\n","protected":false},"excerpt":{"rendered":"<p>Jeste\u015bmy Grup\u0105 mi\u0142o\u015bnik\u00f3w ekologii, zdrowego stylu \u017cycia oraz wspieramy rodzim\u0105 produkcj\u0119, dlatego za\u0142o\u017cyli\u015bmy Kooperatyw\u0119 Spo\u017cywcz\u0105 \u017bu\u0142awy, kt\u00f3ra zrzesza rolnik\u00f3w produkuj\u0105cych organiczn\u0105, naturaln\u0105 \u017cywno\u015b\u0107 oraz grup\u0119 odbiorc\u00f3w tych wytwor\u00f3w, klient\u00f3w, ludzi \u015bwiadomych, kt\u00f3rym zale\u017cy, aby od\u017cywia\u0107 si\u0119 po\u017cywieniem o wysokiej jako\u015bci. Wsp\u00f3\u0142pracujemy lokalnie w celu wyprodukowania i kooperatywy wi\u0119kszo\u015bci warzyw, owoc\u00f3w i artyku\u0142\u00f3w spo\u017cywczych tj. mi\u00f3d, &hellip; <\/p>\n<p><a class=\"more-link btn\" href=\"https:\/\/stowarzyszenieperspektywa.org\/?page_id=24\">Czytaj dalej<\/a><\/p>\n","protected":false},"author":1,"featured_media":0,"parent":0,"menu_order":0,"comment_status":"closed","ping_status":"closed","template":"","meta":{"footnotes":""},"class_list":["post-24","page","type-page","status-publish","hentry","nodate","item-wrap"],"_links":{"self":[{"href":"https:\/\/stowarzyszenieperspektywa.org\/index.php?rest_route=\/wp\/v2\/pages\/24","targetHints":{"allow":["GET"]}}],"collection":[{"href":"https:\/\/stowarzyszenieperspektywa.org\/index.php?rest_route=\/wp\/v2\/pages"}],"about":[{"href":"https:\/\/stowarzyszenieperspektywa.org\/index.php?rest_route=\/wp\/v2\/types\/page"}],"author":[{"embeddable":true,"href":"https:\/\/stowarzyszenieperspektywa.org\/index.php?rest_route=\/wp\/v2\/users\/1"}],"replies":[{"embeddable":true,"href":"https:\/\/stowarzyszenieperspektywa.org\/index.php?rest_route=%2Fwp%2Fv2%2Fcomments&post=24"}],"version-history":[{"count":1,"href":"https:\/\/stowarzyszenieperspektywa.org\/index.php?rest_route=\/wp\/v2\/pages\/24\/revisions"}],"predecessor-version":[{"id":26,"href":"https:\/\/stowarzyszenieperspektywa.org\/index.php?rest_route=\/wp\/v2\/pages\/24\/revisions\/26"}],"wp:attachment":[{"href":"https:\/\/stowarzyszenieperspektywa.org\/index.php?rest_route=%2Fwp%2Fv2%2Fmedia&parent=24"}],"curies":[{"name":"wp","href":"https:\/\/api.w.org\/{rel}","templated":true}]}}