{"id":18,"date":"2019-12-10T01:32:25","date_gmt":"2019-12-10T00:32:25","guid":{"rendered":"https:\/\/agmika.webd.pro\/stowarzyszenie_\/?page_id=18"},"modified":"2025-04-06T22:46:33","modified_gmt":"2025-04-06T20:46:33","slug":"nowes","status":"publish","type":"page","link":"https:\/\/stowarzyszenieperspektywa.org\/?page_id=18","title":{"rendered":"NOWES"},"content":{"rendered":"\n<figure class=\"wp-block-image size-large\"><img loading=\"lazy\" decoding=\"async\" width=\"1024\" height=\"120\" src=\"https:\/\/stowarzyszenieperspektywa.org\/wp-content\/uploads\/2025\/04\/logo-efds-1024x120.jpg\" alt=\"\" class=\"wp-image-567\" srcset=\"https:\/\/stowarzyszenieperspektywa.org\/wp-content\/uploads\/2025\/04\/logo-efds-1024x120.jpg 1024w, https:\/\/stowarzyszenieperspektywa.org\/wp-content\/uploads\/2025\/04\/logo-efds-300x35.jpg 300w, https:\/\/stowarzyszenieperspektywa.org\/wp-content\/uploads\/2025\/04\/logo-efds-768x90.jpg 768w, https:\/\/stowarzyszenieperspektywa.org\/wp-content\/uploads\/2025\/04\/logo-efds-750x88.jpg 750w, https:\/\/stowarzyszenieperspektywa.org\/wp-content\/uploads\/2025\/04\/logo-efds.jpg 1472w\" sizes=\"auto, (max-width: 1024px) 100vw, 1024px\" \/><\/figure>\n\n\n\n<p><strong>Nadwi\u015bla\u0144ski O\u015brodek Wsparcia Ekonomii Spo\u0142ecznej&nbsp;z siedzib\u0105 w Dzierzgoniu<\/strong> prowadzony jest przez Regionalne Towarzystwo Inwestycyjne w Dzierzgoniu dzia\u0142aj\u0105ce w partnerstwie ze Stowarzyszeniem Na Rzecz Oparcia Spo\u0142ecznego i Rozwoju &#8222;Perspektywa&#8221; oraz Stowarzyszeniem Wspierania Przedsi\u0119biorczo\u015bci w Malborku na podstawie akredytacji Ministra Rodziny, Pracy i Polityki Spo\u0142ecznej z dn. 01.03.2019 r. nr DES.III.7421.4.2019.KG  z p\u00f3\u017aniejszymi zmianami. O\u015aRODEK AKREDYTOWANY PRZEZ MRIPS! <\/p>\n\n\n\n<p>Celem NOWES  jest wzmocnienie roli sektora ekonomii spo\u0142ecznej w kszta\u0142towaniu polityki spo\u0142ecznej na rzecz os\u00f3b zagro\u017conych ub\u00f3stwem lub wykluczeniem spo\u0142ecznym z subregionu nadwi\u015bla\u0144skiego poprzez: <\/p>\n\n\n\n<ol class=\"wp-block-list\"><li>wzmocnienie\npotencja\u0142u powstaj\u0105cych oraz istniej\u0105cych podmiot\u00f3w ekonomii spo\u0142ecznej jako\nsektora dostarczaj\u0105cego us\u0142ugi i produkty,<\/li><li>powstanie\ni utrzymanie miejsc pracy w przedsi\u0119biorstwach spo\u0142ecznych,<\/li><li>rozw\u00f3j\npartnerskiego i przyjaznego \u015brodowiska mi\u0119dzysektorowego, szerzenie idei\nekonomii spo\u0142ecznej.<\/li><\/ol>\n\n\n\n<p>Rol\u0105 Nadwi\u015bla\u0144skiego OWES jest planowanie, kreowanie i realizowanie kompleksowych dzia\u0142a\u0144 wspieraj\u0105cych sektor ekonomii spo\u0142ecznej w subregionie nadwi\u015bla\u0144skim oraz promowanie przedsi\u0119biorczo\u015bci spo\u0142ecznej s\u0142u\u017c\u0105cej integracji zawodowej os\u00f3b zagro\u017conych marginalizacj\u0105.<\/p>\n\n\n\n<p>NOWES zajmuj\u0119 si\u0119 (niezale\u017cnie od \u017ar\u00f3de\u0142 finansowania) kompleksowym wspieraniem podmiot\u00f3w ekonomii spo\u0142ecznej i os\u00f3b indywidualnych zainteresowanych uruchomieniem przedsi\u0119wzi\u0119cia z zakresu ekonomii spo\u0142ecznej. Kompleksowo\u015b\u0107 dzia\u0142a\u0144 wspieraj\u0105cych polega na: <\/p>\n\n\n\n<ol class=\"wp-block-list\"><li>wspieraniu\nrozwoju ES w regionie <\/li><li>budowaniu\nsieci wsp\u00f3\u0142pracy <\/li><li>dzia\u0142alno\u015bci\nedukacyjno-promocyjnej ES \u2013 informacja, doradztwo, szkolenia,&nbsp; poprzez:<\/li><\/ol>\n\n\n\n<p><strong>Podstawowe zadania NOWES&nbsp; to:<\/strong><\/p>\n\n\n\n<p><strong>Wsparcie\ninformacyjne<\/strong><\/p>\n\n\n\n<p><strong>Wsparcie\nanimacyjne<\/strong><\/p>\n\n\n\n<p>Planowane\ndzia\u0142ania: <\/p>\n\n\n\n<ul class=\"wp-block-list\"><li>konferencje,<\/li><li>spotkania\/warsztaty\ndla grup inicjatywnych,<\/li><li>wsparcie\nwsp\u00f3lnych projekt\u00f3w,<\/li><li>wizyty\nstudyjne.<\/li><\/ul>\n\n\n\n<p><br>\n<strong>Wsparcie doradcze<\/strong><\/p>\n\n\n\n<p>Planowany rodzaj doradztwa:<\/p>\n\n\n\n<ul class=\"wp-block-list\"><li>og\u00f3lne \u2013 doradca kluczowy<\/li><li>specjalistyczne (np.: prawne, finansowe i marketingowe) \u2013 kluczowy doradca biznesowy, doradca specjalistyczny<\/li><li>doradztwo biznesowe dla istniej\u0105cych PS \/PES\u2013 kluczowy doradca biznesowy<\/li><li>doradztwo specjalistyczne dla PS \u2013 prowadzone przez specjalistyczne firmy , kt\u00f3rych zlecenia rozstrzygni\u0119te s\u0105 na drodze zam\u00f3wie\u0144 publicznych,<\/li><\/ul>\n\n\n\n<p>Doradztwo \u015bwiadczone jest przez kluczowego doradc\u0119, lub\u2013w wyj\u0105tkowych przypadkach \u2013 przez odr\u0119bnego doradc\u0119 oraz specjalist\u0119 ds. wsparcia procesu doradczego w spos\u00f3b bezpo\u015bredni (osobi\u015bcie przez doradc\u0119) na skierowanie, lub po\u015bredni (drog\u0105 elektroniczn\u0105)i telefoniczn\u0105.<\/p>\n\n\n\n<p><strong>Wsparcie szkoleniowe \u2013 <\/strong>z zakresu ES i przedsi\u0119biorczo\u015bci spo\u0142ecznej, zgodnie z profilem dzia\u0142alno\u015bci i potrzebami odbiorc\u00f3w us\u0142ug.<\/p>\n\n\n\n<p>Rodzaje szkole\u0144:<\/p>\n\n\n\n<ul class=\"wp-block-list\"><li>og\u00f3lne<\/li><li>bran\u017cowe<\/li><\/ul>\n\n\n\n<p><strong><br> Wsparcie finansowe dla PES\/PS<\/strong><\/p>\n\n\n\n<p>Dzia\u0142ania:<\/p>\n\n\n\n<ul class=\"wp-block-list\"><li>dotacje<\/li><li>wsparcie pomostowe<br> <\/li><\/ul>\n\n\n\n<p><strong>Wsparcie na rzecz rozwoju partnerstwa<\/strong><\/p>\n\n\n\n<p>Jako akredytowany O\u015brodek udzielamy kompleksowego wsparcia w obszarze  realizowanego projektu pn.:&nbsp;\u201eNadwi\u015bla\u0144ski O\u015brodek Wsparcia Ekonomii&nbsp;  Spo\u0142ecznej\u201d <\/p>\n\n\n\n<p>wsp\u00f3\u0142finansowanym ze \u015brodk\u00f3w Europejskiego Funduszu Spo\u0142ecznego Plus (EFS+), w ramach Priorytetu 05. Fundusze Europejskie dla silnego spo\u0142ecznie Pomorza; Dzia\u0142ania 05.13 Rozw\u00f3j ekonomii spo\u0142ecznej, programu regionalnego Fundusze Europejskie dla Pomorza2021-2027 (FEP 2021-2027)<\/p>\n\n\n\n<p><strong>Podstawowe informacje o projekcie:<\/strong><\/p>\n\n\n\n<p>Tytu\u0142 projektu: Nadwi\u015bla\u0144ski O\u015brodek Wsparcia Ekonomii Spo\u0142ecznej<br><br>Umowa o dofinansowanie projektu nr <strong>FEPM.05.13-IZ.00-0006\/23<\/strong><\/p>\n\n\n\n<p>Okres realizacji projektu : 01.06.2024-29.09.2029<\/p>\n\n\n\n<p>Dofinansowanie projektu: 11  268478,98 z\u0142, w tym:<\/p>\n\n\n\n<p><\/p>\n\n\n\n<p>NOWES funkcjonuje od dnia 01.03.2019 r. \u2013 od dnia otrzymania akredytacji.<\/p>\n\n\n\n<p>Biuro projektowe:<\/p>\n\n\n\n<p>Lider: <strong>Regionalnego Towarzystwa Inwestycyjnego S.A.&nbsp; w Dzierzgoniu,<\/strong><\/p>\n\n\n\n<p>ul. Wojska Polskiego 3, 82-440 Dzierzgo\u0144<\/p>\n\n\n\n<p>Telefon: 55 276 25 79<\/p>\n\n\n\n<p>E-mail: biuro@nowes.pl<\/p>\n\n\n\n<p>Biura partner\u00f3w NOWES: <\/p>\n\n\n\n<p>Partner 1: <strong>Stowarzyszenie Na Rzecz Oparcia Spo\u0142ecznego i Rozwoju \u201ePerspektywa\u201d<\/strong>,<\/p>\n\n\n\n<p>Ko\u0144czewice 4, 82-213 Mi\u0142oradz, biura Ko\u0144czewice 51, 82-213 Mi\u0142oradz<\/p>\n\n\n\n<p>Telefon 506500253,<\/p>\n\n\n\n<p>E-mail: perspektywa.pomorskie@gmail.com<\/p>\n\n\n\n<p><br>Partner 2 : <strong>Stowarzyszenia Wspierania Przedsi\u0119biorczo\u015bci w Malborku,<\/strong><\/p>\n\n\n\n<p>ul. Wojska Polskiego 499, 82-200 Malbork,<\/p>\n\n\n\n<p>Telefon 55 272 36 78,<\/p>\n\n\n\n<p>E- mail: pkd@swp.malbork.pl<\/p>\n\n\n\n<p>W terenie pracuj\u0105 dla Pa\u0144stwa nasi animatorzy i doradcy kluczowi,  kluczowi doradcy biznesowi:,  do kt\u00f3rych kontakt podany jest na naszej  stronie.<\/p>\n\n\n\n<p>U animator\u00f3w lokalnych:<\/p>\n\n\n\n<ul class=\"wp-block-list\"><li>uzyskaj\u0105 Pa\u0144stwo informacje dotycz\u0105ce Ekonomii Spo\u0142ecznej,<\/li><li>wiedz\u0119, jak stworzy\u0107 sobie miejsce pracy w swoim w\u0142asnym przedsi\u0119biorstwie spo\u0142ecznym.<\/li><li>zapoznaj\u0105 si\u0119 Pa\u0144stwo z nasz\u0105 BEZP\u0141ATN\u0104 ofert\u0105,<\/li><li>otrzymaj\u0105 Pa\u0144stwo wzory dokument\u00f3w, kt\u00f3re po wype\u0142nieniu uprawniaj\u0105 do skorzystania z bezp\u0142atnej oferty wsparcia, doradztwa, szkole\u0144 i naszego SMES  (Szko\u0142y Mened\u017cera Ekonomi Spo\u0142ecznej)-oferta NOWES.<\/li><\/ul>\n\n\n\n<p>Z Doradcami Kluczowymi, Kluczowymi Doradcami Biznesowymi b\u0119dziecie \nPa\u0144stwo pracowa\u0107 nad profesjonalizacj\u0105 dzia\u0142a\u0144, tworzeniem lub \/ i \nrozwojem PES i PS .<\/p>\n\n\n\n<p><\/p>\n\n\n\n<p>DORADCA KLUCZOWY\/ANIMATORZY<\/p>\n\n\n\n<p><strong>Ma\u0142gorzata   Duda vel Dudzi\u0144ska <\/strong><\/p>\n\n\n\n<p>Nr tel.: 697 258 212 E-mail: m.cherek@nowes.pl<\/p>\n\n\n\n<p>SPECJALISTA DS INF., MONITORINGU I PROMOCJI PES\/PS<\/p>\n\n\n\n<p><strong>Adelina Turo-Podbere\u017cny <\/strong><\/p>\n\n\n\n<p>Nr tel.: 668 956 605, 512500516  E-mail: a.turo@nowes.pl<\/p>\n\n\n\n<p>KOORDYNATOR MERYTORYCZNY NOWES<\/p>\n\n\n\n<p><strong>Ma\u0142gorzata \u015awi\u0119cka <\/strong><\/p>\n\n\n\n<p>Nr tel. : 506 500 253 E-mail: perspektywa.pomorskie@gmail.com<\/p>\n\n\n\n<figure class=\"wp-block-image size-large\"><img loading=\"lazy\" decoding=\"async\" width=\"741\" height=\"24\" src=\"httpss:\/\/agmika.webd.pro\/stowarzyszenie_\/wp-content\/uploads\/2019\/12\/image-5.png\" alt=\"\" class=\"wp-image-21\" srcset=\"https:\/\/stowarzyszenieperspektywa.org\/wp-content\/uploads\/2019\/12\/image-5.png 741w, https:\/\/stowarzyszenieperspektywa.org\/wp-content\/uploads\/2019\/12\/image-5-300x10.png 300w\" sizes=\"auto, (max-width: 741px) 100vw, 741px\" \/><\/figure>\n\n\n\n<figure class=\"wp-block-image size-large\"><img loading=\"lazy\" decoding=\"async\" width=\"223\" height=\"98\" src=\"httpss:\/\/agmika.webd.pro\/stowarzyszenie_\/wp-content\/uploads\/2019\/12\/image-6.png\" alt=\"\" class=\"wp-image-22\"\/><\/figure>\n","protected":false},"excerpt":{"rendered":"<p>Nadwi\u015bla\u0144ski O\u015brodek Wsparcia Ekonomii Spo\u0142ecznej&nbsp;z siedzib\u0105 w Dzierzgoniu prowadzony jest przez Regionalne Towarzystwo Inwestycyjne w Dzierzgoniu dzia\u0142aj\u0105ce w partnerstwie ze Stowarzyszeniem Na Rzecz Oparcia Spo\u0142ecznego i Rozwoju &#8222;Perspektywa&#8221; oraz Stowarzyszeniem Wspierania Przedsi\u0119biorczo\u015bci w Malborku na podstawie akredytacji Ministra Rodziny, Pracy i Polityki Spo\u0142ecznej z dn. 01.03.2019 r. nr DES.III.7421.4.2019.KG z p\u00f3\u017aniejszymi zmianami. O\u015aRODEK AKREDYTOWANY PRZEZ &hellip; <\/p>\n<p><a class=\"more-link btn\" href=\"https:\/\/stowarzyszenieperspektywa.org\/?page_id=18\">Czytaj dalej<\/a><\/p>\n","protected":false},"author":1,"featured_media":0,"parent":0,"menu_order":0,"comment_status":"closed","ping_status":"closed","template":"","meta":{"footnotes":""},"class_list":["post-18","page","type-page","status-publish","hentry","nodate","item-wrap"],"_links":{"self":[{"href":"https:\/\/stowarzyszenieperspektywa.org\/index.php?rest_route=\/wp\/v2\/pages\/18","targetHints":{"allow":["GET"]}}],"collection":[{"href":"https:\/\/stowarzyszenieperspektywa.org\/index.php?rest_route=\/wp\/v2\/pages"}],"about":[{"href":"https:\/\/stowarzyszenieperspektywa.org\/index.php?rest_route=\/wp\/v2\/types\/page"}],"author":[{"embeddable":true,"href":"https:\/\/stowarzyszenieperspektywa.org\/index.php?rest_route=\/wp\/v2\/users\/1"}],"replies":[{"embeddable":true,"href":"https:\/\/stowarzyszenieperspektywa.org\/index.php?rest_route=%2Fwp%2Fv2%2Fcomments&post=18"}],"version-history":[{"count":10,"href":"https:\/\/stowarzyszenieperspektywa.org\/index.php?rest_route=\/wp\/v2\/pages\/18\/revisions"}],"predecessor-version":[{"id":568,"href":"https:\/\/stowarzyszenieperspektywa.org\/index.php?rest_route=\/wp\/v2\/pages\/18\/revisions\/568"}],"wp:attachment":[{"href":"https:\/\/stowarzyszenieperspektywa.org\/index.php?rest_route=%2Fwp%2Fv2%2Fmedia&parent=18"}],"curies":[{"name":"wp","href":"https:\/\/api.w.org\/{rel}","templated":true}]}}